{"id":88,"date":"2020-11-11T22:41:54","date_gmt":"2020-11-11T21:41:54","guid":{"rendered":"https:\/\/mb-galabau.com\/?page_id=88"},"modified":"2022-10-16T11:21:24","modified_gmt":"2022-10-16T10:21:24","slug":"ueber-uns","status":"publish","type":"page","link":"https:\/\/mb-galabau.com\/index.php\/ueber-uns\/","title":{"rendered":"\u00dcber uns"},"content":{"rendered":"<div data-colibri-id=\"88-c1\" class=\"style-459 style-local-88-c1 position-relative\">\n  <!---->\n  <div data-colibri-component=\"section\" data-colibri-id=\"88-c2\" id=\"about\" class=\"h-section h-section-global-spacing d-flex align-items-lg-center align-items-md-center align-items-center style-460 style-local-88-c2 position-relative\">\n    <!---->\n    <!---->\n    <div class=\"h-section-grid-container h-section-boxed-container\">\n      <!---->\n      <div data-colibri-id=\"88-c3\" class=\"h-row-container gutters-row-lg-2 gutters-row-md-2 gutters-row-2 gutters-row-v-lg-2 gutters-row-v-md-2 gutters-row-v-2 style-461 style-local-88-c3 position-relative\">\n        <!---->\n        <div class=\"h-row justify-content-lg-center justify-content-md-center justify-content-center align-items-lg-stretch align-items-md-stretch align-items-stretch gutters-col-lg-2 gutters-col-md-2 gutters-col-2 gutters-col-v-lg-2 gutters-col-v-md-2 gutters-col-v-2\">\n          <!---->\n          <div class=\"h-column h-column-container d-flex h-col-lg-auto h-col-md-auto h-col-auto style-462-outer style-local-88-c4-outer\">\n            <div data-colibri-id=\"88-c4\" class=\"d-flex h-flex-basis h-column__inner h-px-lg-2 h-px-md-2 h-px-2 v-inner-lg-2 v-inner-md-2 v-inner-2 style-462 style-local-88-c4 position-relative\">\n              <!---->\n              <!---->\n              <div class=\"w-100 h-y-container h-column__content h-column__v-align flex-basis-100 align-self-lg-center align-self-md-center align-self-center\">\n                <!---->\n                <div data-colibri-id=\"88-c5\" class=\"h-global-transition-all h-heading style-464 style-local-88-c5 position-relative h-element\">\n                  <!---->\n                  <div class=\"h-heading__outer style-464 style-local-88-c5\">\n                    <!---->\n                    <!---->\n                    <h2 class=\"\">Genie\u00dfen Sie das beste&nbsp;<em style=\"color: rgb(3, 169, 244); font-family: &quot;Playfair Display&quot;;\">Design<\/em> und die beste&nbsp;<em style=\"color: rgb(3, 169, 244); font-family: &quot;Playfair Display&quot;;\">Funktion<\/em>                      in Kombination mit uns!<\/h2>\n                  <\/div>\n                <\/div>\n                <div data-colibri-id=\"88-c6\" class=\"h-lead h-text h-text-component style-465 style-local-88-c6 position-relative h-element\">\n                  <!---->\n                  <!---->\n                  <div class=\"\">\n                    <p>Wir sind neben dem Gartenbau und Landschaftsbau auch auf den Bau von Z\u00e4unen spezialisiert. Unser leistungsstarkes Team setzt gerne Ihre W\u00fcnsche und Vorstellungen etwa auf dem Gebiet der Gartengestaltung um. Unsere St\u00e4rke ist die individuelle,\n                      auf Ihre pers\u00f6nlichen Verh\u00e4ltnisse zugeschnittene Neugestaltung von Au\u00dfenanlagen. Zu Beginn setzen wir uns in Ruhe mit Ihnen zusammen und entwickeln gemeinsam mit Ihnen Ideen f\u00fcr Ihr Vorhaben. Dabei beraten wir Sie selbstverst\u00e4ndlich\n                      pers\u00f6nlich zu allen relevanten Fragen und kl\u00e4ren, was im Vorfeld bedacht werden muss.<\/p>\n                  <\/div>\n                <\/div>\n              <\/div>\n            <\/div>\n          <\/div>\n          <div class=\"h-column h-column-container d-flex h-col-lg-auto h-col-md-auto h-col-auto style-468-outer style-local-88-c7-outer\">\n            <div data-colibri-id=\"88-c7\" class=\"d-flex h-flex-basis h-column__inner h-px-lg-2 h-px-md-2 h-px-2 v-inner-lg-2 v-inner-md-2 v-inner-2 style-468 style-local-88-c7 position-relative\">\n              <!---->\n              <!---->\n              <div class=\"w-100 h-y-container h-column__content h-column__v-align flex-basis-100 align-self-lg-center align-self-md-center align-self-center\">\n                <!---->\n                <div data-colibri-id=\"88-c8\" class=\"d-block style-469 style-local-88-c8 position-relative h-element\">\n                  <!---->\n                  <div class=\"h-image__frame-container-outer\">\n                    <div class=\"h-image__frame-container\">\n                      <!---->\n                      <!---->\n                      <img loading=\"lazy\" decoding=\"async\" width=\"2560\" height=\"1920\" src=\"https:\/\/mb-galabau.com\/wp-content\/uploads\/2020\/11\/image-2-scaled.jpg\" class=\"wp-image-407 style-469-image style-local-88-c8-image\" alt=\"\" srcset=\"https:\/\/mb-galabau.com\/wp-content\/uploads\/2020\/11\/image-2-scaled.jpg 2560w, https:\/\/mb-galabau.com\/wp-content\/uploads\/2020\/11\/image-2-300x225.jpg 300w, https:\/\/mb-galabau.com\/wp-content\/uploads\/2020\/11\/image-2-1024x768.jpg 1024w, https:\/\/mb-galabau.com\/wp-content\/uploads\/2020\/11\/image-2-768x576.jpg 768w, https:\/\/mb-galabau.com\/wp-content\/uploads\/2020\/11\/image-2-1536x1152.jpg 1536w, https:\/\/mb-galabau.com\/wp-content\/uploads\/2020\/11\/image-2-2048x1536.jpg 2048w\" sizes=\"auto, (max-width: 2560px) 100vw, 2560px\" \/>\n                      <div class=\"h-image__frame h-hide-sm style-469-frameImage style-local-88-c8-frameImage\"><\/div>\n                    <\/div>\n                  <\/div>\n                <\/div>\n              <\/div>\n            <\/div>\n          <\/div>\n        <\/div>\n      <\/div>\n    <\/div>\n  <\/div>\n  <div data-colibri-component=\"section\" data-colibri-id=\"88-c9\" id=\"bilder\" class=\"h-section h-section-global-spacing d-flex align-items-lg-center align-items-md-center align-items-center style-478 style-local-88-c9 position-relative\">\n    <!---->\n    <!---->\n    <div class=\"h-section-grid-container h-section-fluid-container\">\n      <!---->\n      <div data-colibri-id=\"88-c10\" class=\"h-row-container gutters-row-lg-2 gutters-row-md-2 gutters-row-0 gutters-row-v-lg-2 gutters-row-v-md-2 gutters-row-v-2 style-479 style-local-88-c10 position-relative\">\n        <!---->\n        <div class=\"h-row justify-content-lg-center justify-content-md-center justify-content-center align-items-lg-stretch align-items-md-stretch align-items-stretch gutters-col-lg-2 gutters-col-md-2 gutters-col-0 gutters-col-v-lg-2 gutters-col-v-md-2 gutters-col-v-2\">\n          <!---->\n          <div class=\"h-column h-column-container d-flex h-col-lg-auto h-col-md-auto h-col-auto style-480-outer style-local-88-c11-outer\">\n            <div data-colibri-id=\"88-c11\" class=\"d-flex h-flex-basis h-column__inner h-px-lg-2 h-px-md-2 h-px-2 v-inner-lg-2 v-inner-md-2 v-inner-2 style-480 style-local-88-c11 position-relative\">\n              <!---->\n              <!---->\n              <div class=\"w-100 h-y-container h-column__content h-column__v-align flex-basis-100 align-self-lg-start align-self-md-start align-self-start\">\n                <!---->\n                <div data-colibri-id=\"88-c12\" class=\"d-block style-484 style-local-88-c12 position-relative h-element\">\n                  <!---->\n                  <div class=\"h-image__frame-container-outer\">\n                    <div class=\"h-image__frame-container\">\n                      <!---->\n                      <!---->\n                      <img loading=\"lazy\" decoding=\"async\" width=\"1820\" height=\"1365\" src=\"https:\/\/mb-galabau.com\/wp-content\/uploads\/2020\/11\/image-3.jpg\" class=\"wp-image-432 style-484-image style-local-88-c12-image\" alt=\"\" srcset=\"https:\/\/mb-galabau.com\/wp-content\/uploads\/2020\/11\/image-3.jpg 1820w, https:\/\/mb-galabau.com\/wp-content\/uploads\/2020\/11\/image-3-300x225.jpg 300w, https:\/\/mb-galabau.com\/wp-content\/uploads\/2020\/11\/image-3-1024x768.jpg 1024w, https:\/\/mb-galabau.com\/wp-content\/uploads\/2020\/11\/image-3-768x576.jpg 768w, https:\/\/mb-galabau.com\/wp-content\/uploads\/2020\/11\/image-3-1536x1152.jpg 1536w\" sizes=\"auto, (max-width: 1820px) 100vw, 1820px\" \/>\n                      <div class=\"h-image__frame h-hide-lg h-hide-md h-hide-sm style-484-frameImage style-local-88-c12-frameImage\"><\/div>\n                    <\/div>\n                  <\/div>\n                <\/div>\n              <\/div>\n            <\/div>\n          <\/div>\n          <div class=\"h-column h-column-container d-flex h-col-lg-auto h-col-md-auto h-col-auto style-481-outer style-local-88-c13-outer\">\n            <div data-colibri-id=\"88-c13\" class=\"d-flex h-flex-basis h-column__inner h-px-lg-2 h-px-md-2 h-px-2 v-inner-lg-2 v-inner-md-2 v-inner-2 style-481 style-local-88-c13 position-relative\">\n              <!---->\n              <!---->\n              <div class=\"w-100 h-y-container h-column__content h-column__v-align flex-basis-100 align-self-lg-start align-self-md-start align-self-start\">\n                <!---->\n                <div data-colibri-id=\"88-c14\" class=\"d-block style-483 style-local-88-c14 position-relative h-element\">\n                  <!---->\n                  <div class=\"h-image__frame-container-outer\">\n                    <div class=\"h-image__frame-container\">\n                      <!---->\n                      <!---->\n                      <img loading=\"lazy\" decoding=\"async\" width=\"1820\" height=\"1365\" src=\"https:\/\/mb-galabau.com\/wp-content\/uploads\/2020\/11\/image-4.jpg\" class=\"wp-image-430 style-483-image style-local-88-c14-image\" alt=\"\" srcset=\"https:\/\/mb-galabau.com\/wp-content\/uploads\/2020\/11\/image-4.jpg 1820w, https:\/\/mb-galabau.com\/wp-content\/uploads\/2020\/11\/image-4-300x225.jpg 300w, https:\/\/mb-galabau.com\/wp-content\/uploads\/2020\/11\/image-4-1024x768.jpg 1024w, https:\/\/mb-galabau.com\/wp-content\/uploads\/2020\/11\/image-4-768x576.jpg 768w, https:\/\/mb-galabau.com\/wp-content\/uploads\/2020\/11\/image-4-1536x1152.jpg 1536w\" sizes=\"auto, (max-width: 1820px) 100vw, 1820px\" \/>\n                      <div class=\"h-image__frame h-hide-lg h-hide-md h-hide-sm style-483-frameImage style-local-88-c14-frameImage\"><\/div>\n                    <\/div>\n                  <\/div>\n                <\/div>\n              <\/div>\n            <\/div>\n          <\/div>\n          <div class=\"h-column h-column-container d-flex h-col-lg-auto h-col-md-auto h-col-auto style-482-outer style-local-88-c15-outer\">\n            <div data-colibri-id=\"88-c15\" class=\"d-flex h-flex-basis h-column__inner h-px-lg-2 h-px-md-2 h-px-2 v-inner-lg-2 v-inner-md-2 v-inner-2 style-482 style-local-88-c15 position-relative\">\n              <!---->\n              <!---->\n              <div class=\"w-100 h-y-container h-column__content h-column__v-align flex-basis-100 align-self-lg-start align-self-md-start align-self-start\">\n                <!---->\n                <div data-colibri-id=\"88-c16\" class=\"d-block style-485 style-local-88-c16 position-relative h-element\">\n                  <!---->\n                  <div class=\"h-image__frame-container-outer\">\n                    <div class=\"h-image__frame-container\">\n                      <!---->\n                      <!---->\n                      <img loading=\"lazy\" decoding=\"async\" width=\"1920\" height=\"2560\" src=\"https:\/\/mb-galabau.com\/wp-content\/uploads\/2020\/11\/image-1-scaled.jpg\" class=\"wp-image-431 style-485-image style-local-88-c16-image\" alt=\"\" srcset=\"https:\/\/mb-galabau.com\/wp-content\/uploads\/2020\/11\/image-1-scaled.jpg 1920w, https:\/\/mb-galabau.com\/wp-content\/uploads\/2020\/11\/image-1-225x300.jpg 225w, https:\/\/mb-galabau.com\/wp-content\/uploads\/2020\/11\/image-1-768x1024.jpg 768w, https:\/\/mb-galabau.com\/wp-content\/uploads\/2020\/11\/image-1-1152x1536.jpg 1152w, https:\/\/mb-galabau.com\/wp-content\/uploads\/2020\/11\/image-1-1536x2048.jpg 1536w\" sizes=\"auto, (max-width: 1920px) 100vw, 1920px\" \/>\n                      <div class=\"h-image__frame h-hide-lg h-hide-md h-hide-sm style-485-frameImage style-local-88-c16-frameImage\"><\/div>\n                    <\/div>\n                  <\/div>\n                <\/div>\n              <\/div>\n            <\/div>\n          <\/div>\n        <\/div>\n      <\/div>\n    <\/div>\n  <\/div>\n  <div data-colibri-component=\"section\" data-colibri-id=\"88-c17\" id=\"bilder-2\" class=\"h-section h-section-global-spacing d-flex align-items-lg-center align-items-md-center align-items-center style-565 style-local-88-c17 position-relative\">\n    <!---->\n    <!---->\n    <div class=\"h-section-grid-container h-section-fluid-container\">\n      <!---->\n      <div data-colibri-id=\"88-c18\" class=\"h-row-container gutters-row-lg-2 gutters-row-md-2 gutters-row-0 gutters-row-v-lg-2 gutters-row-v-md-2 gutters-row-v-2 style-581 style-local-88-c18 position-relative\">\n        <!---->\n        <div class=\"h-row justify-content-lg-center justify-content-md-center justify-content-center align-items-lg-stretch align-items-md-stretch align-items-stretch gutters-col-lg-2 gutters-col-md-2 gutters-col-0 gutters-col-v-lg-2 gutters-col-v-md-2 gutters-col-v-2\">\n          <!---->\n          <div class=\"h-column h-column-container d-flex h-col-lg-auto h-col-md-auto h-col-auto style-586-outer style-local-88-c19-outer\">\n            <div data-colibri-id=\"88-c19\" class=\"d-flex h-flex-basis h-column__inner h-px-lg-2 h-px-md-2 h-px-2 v-inner-lg-2 v-inner-md-2 v-inner-2 style-586 style-local-88-c19 position-relative\">\n              <!---->\n              <!---->\n              <div class=\"w-100 h-y-container h-column__content h-column__v-align flex-basis-100 align-self-lg-start align-self-md-start align-self-start\">\n                <!---->\n                <div data-colibri-id=\"88-c20\" class=\"d-block style-602 style-local-88-c20 position-relative h-element\">\n                  <!---->\n                  <div class=\"h-image__frame-container-outer\">\n                    <div class=\"h-image__frame-container\">\n                      <!---->\n                      <!---->\n                      <img loading=\"lazy\" decoding=\"async\" width=\"1200\" height=\"1600\" src=\"https:\/\/mb-galabau.com\/wp-content\/uploads\/2021\/05\/711bb226-a47a-4711-ba01-e19930c0f1ce.jpg\" class=\"wp-image-683 style-602-image style-local-88-c20-image\" alt=\"\" srcset=\"https:\/\/mb-galabau.com\/wp-content\/uploads\/2021\/05\/711bb226-a47a-4711-ba01-e19930c0f1ce.jpg 1200w, https:\/\/mb-galabau.com\/wp-content\/uploads\/2021\/05\/711bb226-a47a-4711-ba01-e19930c0f1ce-225x300.jpg 225w, https:\/\/mb-galabau.com\/wp-content\/uploads\/2021\/05\/711bb226-a47a-4711-ba01-e19930c0f1ce-768x1024.jpg 768w, https:\/\/mb-galabau.com\/wp-content\/uploads\/2021\/05\/711bb226-a47a-4711-ba01-e19930c0f1ce-1152x1536.jpg 1152w\" sizes=\"auto, (max-width: 1200px) 100vw, 1200px\" \/>\n                      <div class=\"h-image__frame h-hide-lg h-hide-md h-hide-sm style-602-frameImage style-local-88-c20-frameImage\"><\/div>\n                    <\/div>\n                  <\/div>\n                <\/div>\n              <\/div>\n            <\/div>\n          <\/div>\n          <div class=\"h-column h-column-container d-flex h-col-lg-auto h-col-md-auto h-col-auto style-601-outer style-local-88-c21-outer\">\n            <div data-colibri-id=\"88-c21\" class=\"d-flex h-flex-basis h-column__inner h-px-lg-2 h-px-md-2 h-px-2 v-inner-lg-2 v-inner-md-2 v-inner-2 style-601 style-local-88-c21 position-relative\">\n              <!---->\n              <!---->\n              <div class=\"w-100 h-y-container h-column__content h-column__v-align flex-basis-100 align-self-lg-start align-self-md-start align-self-start\">\n                <!---->\n                <div data-colibri-id=\"88-c22\" class=\"d-block style-603 style-local-88-c22 position-relative h-element\">\n                  <!---->\n                  <div class=\"h-image__frame-container-outer\">\n                    <div class=\"h-image__frame-container\">\n                      <!---->\n                      <!---->\n                      <img loading=\"lazy\" decoding=\"async\" width=\"1200\" height=\"1600\" src=\"https:\/\/mb-galabau.com\/wp-content\/uploads\/2021\/05\/2d25c944-8b6c-4571-9861-918321f89b41.jpg\" class=\"wp-image-681 style-603-image style-local-88-c22-image\" alt=\"\" srcset=\"https:\/\/mb-galabau.com\/wp-content\/uploads\/2021\/05\/2d25c944-8b6c-4571-9861-918321f89b41.jpg 1200w, https:\/\/mb-galabau.com\/wp-content\/uploads\/2021\/05\/2d25c944-8b6c-4571-9861-918321f89b41-225x300.jpg 225w, https:\/\/mb-galabau.com\/wp-content\/uploads\/2021\/05\/2d25c944-8b6c-4571-9861-918321f89b41-768x1024.jpg 768w, https:\/\/mb-galabau.com\/wp-content\/uploads\/2021\/05\/2d25c944-8b6c-4571-9861-918321f89b41-1152x1536.jpg 1152w\" sizes=\"auto, (max-width: 1200px) 100vw, 1200px\" \/>\n                      <div class=\"h-image__frame h-hide-lg h-hide-md h-hide-sm style-603-frameImage style-local-88-c22-frameImage\"><\/div>\n                    <\/div>\n                  <\/div>\n                <\/div>\n              <\/div>\n            <\/div>\n          <\/div>\n          <div class=\"h-column h-column-container d-flex h-col-lg-auto h-col-md-auto h-col-auto style-604-outer style-local-88-c23-outer\">\n            <div data-colibri-id=\"88-c23\" class=\"d-flex h-flex-basis h-column__inner h-px-lg-2 h-px-md-2 h-px-2 v-inner-lg-2 v-inner-md-2 v-inner-2 style-604 style-local-88-c23 position-relative\">\n              <!---->\n              <!---->\n              <div class=\"w-100 h-y-container h-column__content h-column__v-align flex-basis-100 align-self-lg-start align-self-md-start align-self-start\">\n                <!---->\n                <div data-colibri-id=\"88-c24\" class=\"d-block style-605 style-local-88-c24 position-relative h-element\">\n                  <!---->\n                  <div class=\"h-image__frame-container-outer\">\n                    <div class=\"h-image__frame-container\">\n                      <!---->\n                      <!---->\n                      <img loading=\"lazy\" decoding=\"async\" width=\"1200\" height=\"1600\" src=\"https:\/\/mb-galabau.com\/wp-content\/uploads\/2021\/05\/7b9c45d6-7447-4d3e-b9fe-230791841e47.jpg\" class=\"wp-image-682 style-605-image style-local-88-c24-image\" alt=\"\" srcset=\"https:\/\/mb-galabau.com\/wp-content\/uploads\/2021\/05\/7b9c45d6-7447-4d3e-b9fe-230791841e47.jpg 1200w, https:\/\/mb-galabau.com\/wp-content\/uploads\/2021\/05\/7b9c45d6-7447-4d3e-b9fe-230791841e47-225x300.jpg 225w, https:\/\/mb-galabau.com\/wp-content\/uploads\/2021\/05\/7b9c45d6-7447-4d3e-b9fe-230791841e47-768x1024.jpg 768w, https:\/\/mb-galabau.com\/wp-content\/uploads\/2021\/05\/7b9c45d6-7447-4d3e-b9fe-230791841e47-1152x1536.jpg 1152w\" sizes=\"auto, (max-width: 1200px) 100vw, 1200px\" \/>\n                      <div class=\"h-image__frame h-hide-lg h-hide-md h-hide-sm style-605-frameImage style-local-88-c24-frameImage\"><\/div>\n                    <\/div>\n                  <\/div>\n                <\/div>\n              <\/div>\n            <\/div>\n          <\/div>\n        <\/div>\n      <\/div>\n    <\/div>\n  <\/div>\n  <div data-colibri-component=\"section\" data-colibri-id=\"88-c29\" id=\"custom-2\" class=\"h-section h-section-global-spacing d-flex align-items-lg-center align-items-md-center align-items-center style-503 style-local-88-c29 position-relative\">\n    <!---->\n    <!---->\n    <div class=\"h-section-grid-container h-section-boxed-container\">\n      <!---->\n      <div data-colibri-id=\"88-c30\" class=\"h-row-container gutters-row-lg-2 gutters-row-md-2 gutters-row-0 gutters-row-v-lg-2 gutters-row-v-md-2 gutters-row-v-2 style-504 style-local-88-c30 position-relative\">\n        <!---->\n        <div class=\"h-row justify-content-lg-center justify-content-md-center justify-content-center align-items-lg-stretch align-items-md-stretch align-items-stretch gutters-col-lg-2 gutters-col-md-2 gutters-col-0 gutters-col-v-lg-2 gutters-col-v-md-2 gutters-col-v-2\">\n          <!---->\n          <div class=\"h-column h-column-container d-flex h-col-lg-auto h-col-md-auto h-col-auto style-505-outer style-local-88-c31-outer\">\n            <div data-colibri-id=\"88-c31\" class=\"d-flex h-flex-basis h-column__inner h-px-lg-2 h-px-md-2 h-px-2 v-inner-lg-2 v-inner-md-2 v-inner-2 style-505 style-local-88-c31 position-relative\">\n              <!---->\n              <!---->\n              <div class=\"w-100 h-y-container h-column__content h-column__v-align flex-basis-100 align-self-lg-start align-self-md-start align-self-start\">\n                <!---->\n                <div data-colibri-id=\"88-c32\" class=\"h-x-container style-534 style-local-88-c32 position-relative h-element\">\n                  <!---->\n                  <div class=\"h-x-container-inner style-dynamic-88-c32-group style-534-spacing style-local-88-c32-spacing\"><span class=\"h-link__outer style-535-outer style-local-88-c33-outer d-inline-flex h-element\"><a h-use-smooth-scroll=\"true\" href=\"https:\/\/mb-galabau.com\/index.php\/impressum\/\"  data-colibri-id=\"88-c33\" class=\"d-flex w-100 align-items-center h-link style-535 style-local-88-c33 position-relative\"><!----><!----> <span>Impressum<\/span><\/a>\n                    <\/span>\n                  <\/div>\n                <\/div>\n              <\/div>\n            <\/div>\n          <\/div>\n          <div class=\"h-column h-column-container d-flex h-col-lg-auto h-col-md-auto h-col-auto style-506-outer style-local-88-c34-outer\">\n            <div data-colibri-id=\"88-c34\" class=\"d-flex h-flex-basis h-column__inner h-px-lg-2 h-px-md-2 h-px-2 v-inner-lg-2 v-inner-md-2 v-inner-2 style-506 style-local-88-c34 position-relative\">\n              <!---->\n              <!---->\n              <div class=\"w-100 h-y-container h-column__content h-column__v-align flex-basis-100 align-self-lg-start align-self-md-start align-self-start\">\n                <!---->\n                <div data-colibri-id=\"88-c35\" class=\"h-x-container style-536 style-local-88-c35 position-relative h-element\">\n                  <!---->\n                  <div class=\"h-x-container-inner style-dynamic-88-c35-group style-536-spacing style-local-88-c35-spacing\"><span class=\"h-link__outer style-537-outer style-local-88-c36-outer d-inline-flex h-element\"><a h-use-smooth-scroll=\"true\" href=\"https:\/\/mb-galabau.com\/index.php\/datenschutzerklaerung\/\"  data-colibri-id=\"88-c36\" class=\"d-flex w-100 align-items-center h-link style-537 style-local-88-c36 position-relative\"><!----><!----> <span>Datenschutzerkl\u00e4rung<\/span><\/a>\n                    <\/span>\n                  <\/div>\n                <\/div>\n              <\/div>\n            <\/div>\n          <\/div>\n        <\/div>\n      <\/div>\n    <\/div>\n  <\/div>\n<\/div>","protected":false},"excerpt":{"rendered":"<p>Genie\u00dfen Sie das beste&nbsp;Design und die beste&nbsp;Funktion in Kombination mit uns! Wir sind neben dem Gartenbau und Landschaftsbau auch auf den Bau von Z\u00e4unen spezialisiert. Unser leistungsstarkes Team setzt gerne Ihre W\u00fcnsche und Vorstellungen etwa auf dem Gebiet der Gartengestaltung um. Unsere St\u00e4rke ist die individuelle, auf Ihre pers\u00f6nlichen Verh\u00e4ltnisse zugeschnittene Neugestaltung von Au\u00dfenanlagen. Zu [&hellip;]<\/p>\n","protected":false},"author":1,"featured_media":0,"parent":0,"menu_order":0,"comment_status":"closed","ping_status":"closed","template":"page-templates\/full-width-page.php","meta":{"footnotes":""},"class_list":["post-88","page","type-page","status-publish","hentry"],"_links":{"self":[{"href":"https:\/\/mb-galabau.com\/index.php\/wp-json\/wp\/v2\/pages\/88","targetHints":{"allow":["GET"]}}],"collection":[{"href":"https:\/\/mb-galabau.com\/index.php\/wp-json\/wp\/v2\/pages"}],"about":[{"href":"https:\/\/mb-galabau.com\/index.php\/wp-json\/wp\/v2\/types\/page"}],"author":[{"embeddable":true,"href":"https:\/\/mb-galabau.com\/index.php\/wp-json\/wp\/v2\/users\/1"}],"replies":[{"embeddable":true,"href":"https:\/\/mb-galabau.com\/index.php\/wp-json\/wp\/v2\/comments?post=88"}],"version-history":[{"count":14,"href":"https:\/\/mb-galabau.com\/index.php\/wp-json\/wp\/v2\/pages\/88\/revisions"}],"predecessor-version":[{"id":749,"href":"https:\/\/mb-galabau.com\/index.php\/wp-json\/wp\/v2\/pages\/88\/revisions\/749"}],"wp:attachment":[{"href":"https:\/\/mb-galabau.com\/index.php\/wp-json\/wp\/v2\/media?parent=88"}],"curies":[{"name":"wp","href":"https:\/\/api.w.org\/{rel}","templated":true}]}}